{"id":11,"date":"2024-08-04T19:21:56","date_gmt":"2024-08-04T22:21:56","guid":{"rendered":"https:\/\/devjean.com.br\/loja\/finalizar-compra\/"},"modified":"2026-03-28T23:35:05","modified_gmt":"2026-03-29T02:35:05","slug":"finalizar-compra","status":"publish","type":"page","link":"https:\/\/devjean.com.br\/loja\/finalizar-compra\/","title":{"rendered":"Finaliza\u00e7\u00e3o de compra"},"content":{"rendered":"\t\t<div data-elementor-type=\"wp-page\" data-elementor-id=\"11\" class=\"elementor elementor-11\" data-elementor-post-type=\"page\">\n\t\t\t\t<div class=\"elementor-element elementor-element-eb44826 e-flex e-con-boxed e-con e-parent\" data-id=\"eb44826\" data-element_type=\"container\" data-e-type=\"container\" data-settings=\"{&quot;background_background&quot;:&quot;classic&quot;}\">\n\t\t\t\t\t<div class=\"e-con-inner\">\n\t\t<div class=\"elementor-element elementor-element-d8b58e3 e-con-full e-flex e-con e-child\" data-id=\"d8b58e3\" data-element_type=\"container\" data-e-type=\"container\">\n\t\t<div class=\"elementor-element elementor-element-ffe7999 e-con-full e-flex e-con e-child\" data-id=\"ffe7999\" data-element_type=\"container\" data-e-type=\"container\">\n\t\t<div class=\"elementor-element elementor-element-868b7d4 e-con-full e-flex e-con e-child\" data-id=\"868b7d4\" data-element_type=\"container\" data-e-type=\"container\">\n\t\t\t\t<div class=\"elementor-element elementor-element-bf9b118 elementor-widget elementor-widget-heading\" data-id=\"bf9b118\" data-element_type=\"widget\" data-e-type=\"widget\" data-widget_type=\"heading.default\">\n\t\t\t\t<div class=\"elementor-widget-container\">\n\t\t\t\t\t<h1 class=\"elementor-heading-title elementor-size-default\">Finaliza\u00e7\u00e3o de compra<\/h1>\t\t\t\t<\/div>\n\t\t\t\t<\/div>\n\t\t<div class=\"elementor-element elementor-element-86c76cf e-con-full e-flex e-con e-child\" data-id=\"86c76cf\" data-element_type=\"container\" data-e-type=\"container\">\n\t\t\t\t<div class=\"elementor-element elementor-element-83cfb5d elementor-widget elementor-widget-woocommerce-breadcrumb\" data-id=\"83cfb5d\" data-element_type=\"widget\" data-e-type=\"widget\" data-widget_type=\"woocommerce-breadcrumb.default\">\n\t\t\t\t<div class=\"elementor-widget-container\">\n\t\t\t\t\t<nav class=\"woocommerce-breadcrumb\" aria-label=\"Breadcrumb\">In\u00edcio<\/nav>\t\t\t\t<\/div>\n\t\t\t\t<\/div>\n\t\t\t\t<\/div>\n\t\t\t\t<\/div>\n\t\t\t\t<\/div>\n\t\t\t\t<div class=\"elementor-element elementor-element-8ebeb00 elementor-nav-menu__align-center elementor-nav-menu--dropdown-none elementor-widget-mobile__width-inherit elementor-widget elementor-widget-nav-menu\" data-id=\"8ebeb00\" data-element_type=\"widget\" data-e-type=\"widget\" data-settings=\"{&quot;layout&quot;:&quot;horizontal&quot;,&quot;submenu_icon&quot;:{&quot;value&quot;:&quot;&lt;svg aria-hidden=\\&quot;true\\&quot; class=\\&quot;e-font-icon-svg e-fas-caret-down\\&quot; viewBox=\\&quot;0 0 320 512\\&quot; xmlns=\\&quot;http:\\\/\\\/www.w3.org\\\/2000\\\/svg\\&quot;&gt;&lt;path d=\\&quot;M31.3 192h257.3c17.8 0 26.7 21.5 14.1 34.1L174.1 354.8c-7.8 7.8-20.5 7.8-28.3 0L17.2 226.1C4.6 213.5 13.5 192 31.3 192z\\&quot;&gt;&lt;\\\/path&gt;&lt;\\\/svg&gt;&quot;,&quot;library&quot;:&quot;fa-solid&quot;}}\" data-widget_type=\"nav-menu.default\">\n\t\t\t\t<div class=\"elementor-widget-container\">\n\t\t\t\t\t\t\t\t<nav aria-label=\"Menu\" class=\"elementor-nav-menu--main elementor-nav-menu__container elementor-nav-menu--layout-horizontal e--pointer-overline e--animation-fade\">\n\t\t\t\t<ul id=\"menu-1-8ebeb00\" class=\"elementor-nav-menu\"><li class=\"menu-item menu-item-type-post_type menu-item-object-page menu-item-home menu-item-751\"><a href=\"https:\/\/devjean.com.br\/loja\/\" class=\"elementor-item\">In\u00edcio<\/a><\/li>\n<li class=\"menu-item menu-item-type-post_type menu-item-object-page menu-item-752\"><a href=\"https:\/\/devjean.com.br\/loja\/carrinho\/\" class=\"elementor-item\">Carrinho<\/a><\/li>\n<li class=\"menu-item menu-item-type-post_type menu-item-object-page menu-item-753\"><a href=\"https:\/\/devjean.com.br\/loja\/finalizar-compra\/\" class=\"elementor-item\">Checkout<\/a><\/li>\n<\/ul>\t\t\t<\/nav>\n\t\t\t\t\t\t<nav class=\"elementor-nav-menu--dropdown elementor-nav-menu__container\" aria-hidden=\"true\">\n\t\t\t\t<ul id=\"menu-2-8ebeb00\" class=\"elementor-nav-menu\"><li class=\"menu-item menu-item-type-post_type menu-item-object-page menu-item-home menu-item-751\"><a href=\"https:\/\/devjean.com.br\/loja\/\" class=\"elementor-item\" tabindex=\"-1\">In\u00edcio<\/a><\/li>\n<li class=\"menu-item menu-item-type-post_type menu-item-object-page menu-item-752\"><a href=\"https:\/\/devjean.com.br\/loja\/carrinho\/\" class=\"elementor-item\" tabindex=\"-1\">Carrinho<\/a><\/li>\n<li class=\"menu-item menu-item-type-post_type menu-item-object-page menu-item-753\"><a href=\"https:\/\/devjean.com.br\/loja\/finalizar-compra\/\" class=\"elementor-item\" tabindex=\"-1\">Checkout<\/a><\/li>\n<\/ul>\t\t\t<\/nav>\n\t\t\t\t\t\t<\/div>\n\t\t\t\t<\/div>\n\t\t\t\t<div class=\"elementor-element elementor-element-7e7cb88 e-checkout-layout-two-column elementor-widget elementor-widget-woocommerce-checkout-page\" data-id=\"7e7cb88\" data-element_type=\"widget\" data-e-type=\"widget\" data-settings=\"{&quot;sticky_right_column&quot;:&quot;yes&quot;}\" data-widget_type=\"woocommerce-checkout-page.default\">\n\t\t\t\t<div class=\"elementor-widget-container\">\n\t\t\t\t\t<div class=\"woocommerce\"><\/div>\t\t\t\t<\/div>\n\t\t\t\t<\/div>\n\t\t<div class=\"elementor-element elementor-element-87c5c5b e-grid e-con-full e-con e-child\" data-id=\"87c5c5b\" data-element_type=\"container\" data-e-type=\"container\" data-settings=\"{&quot;background_background&quot;:&quot;classic&quot;}\">\n\t\t\t\t<div class=\"elementor-element elementor-element-3f83cb8 elementor-widget elementor-widget-image\" data-id=\"3f83cb8\" data-element_type=\"widget\" data-e-type=\"widget\" data-widget_type=\"image.default\">\n\t\t\t\t<div class=\"elementor-widget-container\">\n\t\t\t\t\t\t\t\t\t\t\t\t\t\t\t\t<a href=\"https:\/\/www.cloudflare.com\/pt-br\/\" target=\"_blank\">\n\t\t\t\t\t\t\t<img decoding=\"async\" width=\"150\" height=\"62\" src=\"https:\/\/devjean.com.br\/loja\/wp-content\/uploads\/2024\/08\/noname.png\" class=\"attachment-large size-large wp-image-679\" alt=\"\" srcset=\"https:\/\/devjean.com.br\/loja\/wp-content\/uploads\/2024\/08\/noname.png 150w, https:\/\/devjean.com.br\/loja\/wp-content\/uploads\/2024\/08\/noname-18x7.png 18w, https:\/\/devjean.com.br\/loja\/wp-content\/uploads\/2024\/08\/noname-64x26.png 64w\" sizes=\"(max-width: 150px) 100vw, 150px\" \/>\t\t\t\t\t\t\t\t<\/a>\n\t\t\t\t\t\t\t\t\t\t\t\t\t\t\t<\/div>\n\t\t\t\t<\/div>\n\t\t\t\t<div class=\"elementor-element elementor-element-14708113 elementor-widget elementor-widget-image\" data-id=\"14708113\" data-element_type=\"widget\" data-e-type=\"widget\" data-widget_type=\"image.default\">\n\t\t\t\t<div class=\"elementor-widget-container\">\n\t\t\t\t\t\t\t\t\t\t\t\t\t\t\t\t<a href=\"https:\/\/www.sslshopper.com\/ssl-checker.html#hostname=https:\/\/wacorps.com\/\" target=\"_blank\">\n\t\t\t\t\t\t\t<img decoding=\"async\" width=\"150\" height=\"62\" src=\"https:\/\/devjean.com.br\/loja\/wp-content\/uploads\/2024\/08\/ssl-safe.png\" class=\"attachment-large size-large wp-image-678\" alt=\"\" srcset=\"https:\/\/devjean.com.br\/loja\/wp-content\/uploads\/2024\/08\/ssl-safe.png 150w, https:\/\/devjean.com.br\/loja\/wp-content\/uploads\/2024\/08\/ssl-safe-18x7.png 18w, https:\/\/devjean.com.br\/loja\/wp-content\/uploads\/2024\/08\/ssl-safe-64x26.png 64w\" sizes=\"(max-width: 150px) 100vw, 150px\" \/>\t\t\t\t\t\t\t\t<\/a>\n\t\t\t\t\t\t\t\t\t\t\t\t\t\t\t<\/div>\n\t\t\t\t<\/div>\n\t\t\t\t<div class=\"elementor-element elementor-element-35e3ce57 elementor-widget elementor-widget-image\" data-id=\"35e3ce57\" data-element_type=\"widget\" data-e-type=\"widget\" data-widget_type=\"image.default\">\n\t\t\t\t<div class=\"elementor-widget-container\">\n\t\t\t\t\t\t\t\t\t\t\t\t\t\t\t\t<a href=\"https:\/\/transparencyreport.google.com\/safe-browsing\/search?url=wacorps.com&#038;hl=pt-Br\" target=\"_blank\">\n\t\t\t\t\t\t\t<img decoding=\"async\" width=\"150\" height=\"62\" src=\"https:\/\/devjean.com.br\/loja\/wp-content\/uploads\/2024\/08\/security-devjean-google.png.webp\" class=\"attachment-large size-large wp-image-675\" alt=\"\" srcset=\"https:\/\/devjean.com.br\/loja\/wp-content\/uploads\/2024\/08\/security-devjean-google.png.webp 150w, https:\/\/devjean.com.br\/loja\/wp-content\/uploads\/2024\/08\/security-devjean-google.png-18x7.webp 18w, https:\/\/devjean.com.br\/loja\/wp-content\/uploads\/2024\/08\/security-devjean-google.png-64x26.webp 64w\" sizes=\"(max-width: 150px) 100vw, 150px\" \/>\t\t\t\t\t\t\t\t<\/a>\n\t\t\t\t\t\t\t\t\t\t\t\t\t\t\t<\/div>\n\t\t\t\t<\/div>\n\t\t\t\t<div class=\"elementor-element elementor-element-2e48095f elementor-widget elementor-widget-image\" data-id=\"2e48095f\" data-element_type=\"widget\" data-e-type=\"widget\" data-widget_type=\"image.default\">\n\t\t\t\t<div class=\"elementor-widget-container\">\n\t\t\t\t\t\t\t\t\t\t\t\t\t\t\t\t<a href=\"https:\/\/imunify360.com\/\" target=\"_blank\">\n\t\t\t\t\t\t\t<img loading=\"lazy\" decoding=\"async\" width=\"150\" height=\"62\" src=\"https:\/\/devjean.com.br\/loja\/wp-content\/uploads\/2024\/08\/security-devjean-imunify360.png.webp\" class=\"attachment-large size-large wp-image-676\" alt=\"\" srcset=\"https:\/\/devjean.com.br\/loja\/wp-content\/uploads\/2024\/08\/security-devjean-imunify360.png.webp 150w, https:\/\/devjean.com.br\/loja\/wp-content\/uploads\/2024\/08\/security-devjean-imunify360.png-18x7.webp 18w, https:\/\/devjean.com.br\/loja\/wp-content\/uploads\/2024\/08\/security-devjean-imunify360.png-64x26.webp 64w\" sizes=\"(max-width: 150px) 100vw, 150px\" \/>\t\t\t\t\t\t\t\t<\/a>\n\t\t\t\t\t\t\t\t\t\t\t\t\t\t\t<\/div>\n\t\t\t\t<\/div>\n\t\t\t\t<\/div>\n\t\t\t\t<\/div>\n\t\t\t\t\t<\/div>\n\t\t\t\t<\/div>\n\t\t<div class=\"elementor-element elementor-element-55d6c6d7 e-con-full e-flex e-con e-parent\" data-id=\"55d6c6d7\" data-element_type=\"container\" data-e-type=\"container\" data-settings=\"{&quot;background_background&quot;:&quot;classic&quot;}\">\n\t\t<div class=\"elementor-element elementor-element-399c075c e-con-full e-flex e-con e-child\" data-id=\"399c075c\" data-element_type=\"container\" data-e-type=\"container\">\n\t\t\t\t<div class=\"elementor-element elementor-element-6615e0f7 elementor-widget elementor-widget-image\" data-id=\"6615e0f7\" data-element_type=\"widget\" data-e-type=\"widget\" data-widget_type=\"image.default\">\n\t\t\t\t<div class=\"elementor-widget-container\">\n\t\t\t\t\t\t\t\t\t\t\t\t\t\t\t<img decoding=\"async\" src=\"https:\/\/devjean.com.br\/loja\/wp-content\/uploads\/elementor\/thumbs\/logo_devjean_01-rl6k9y94nuw35dz9jm7w1bbuhzzbc6uzc9zm0zb1mo.png\" title=\"logo_devjean_01\" alt=\"logo_devjean_01\" loading=\"lazy\" \/>\t\t\t\t\t\t\t\t\t\t\t\t\t\t\t<\/div>\n\t\t\t\t<\/div>\n\t\t\t\t<\/div>\n\t\t<div class=\"elementor-element elementor-element-5d3f4c2 e-con-full e-flex e-con e-child\" data-id=\"5d3f4c2\" data-element_type=\"container\" data-e-type=\"container\">\n\t\t\t\t<div class=\"elementor-element elementor-element-7f636698 elementor-widget elementor-widget-heading\" data-id=\"7f636698\" data-element_type=\"widget\" data-e-type=\"widget\" data-widget_type=\"heading.default\">\n\t\t\t\t<div class=\"elementor-widget-container\">\n\t\t\t\t\t<div class=\"elementor-heading-title elementor-size-default\"><a href=\"https:\/\/devjean.com.br\/\" target=\"_blank\">Copyright \u00a9 2026 Dev Jean All rights reserved | Design By Dev Jean<\/a><\/div>\t\t\t\t<\/div>\n\t\t\t\t<\/div>\n\t\t\t\t<\/div>\n\t\t<div class=\"elementor-element elementor-element-c7cc8bd e-con-full e-flex e-con e-child\" data-id=\"c7cc8bd\" data-element_type=\"container\" data-e-type=\"container\">\n\t\t\t\t<div class=\"elementor-element elementor-element-524e5c7f elementor-widget elementor-widget-image\" data-id=\"524e5c7f\" data-element_type=\"widget\" data-e-type=\"widget\" data-widget_type=\"image.default\">\n\t\t\t\t<div class=\"elementor-widget-container\">\n\t\t\t\t\t\t\t\t\t\t\t\t\t\t\t<img decoding=\"async\" src=\"https:\/\/devjean.com.br\/loja\/wp-content\/uploads\/elementor\/thumbs\/payment-rl4zzw2rgnd7zqy1bcah230v1s6ayyjh47j5kpd7gg.png\" title=\"payment.png\" alt=\"payment.png\" loading=\"lazy\" \/>\t\t\t\t\t\t\t\t\t\t\t\t\t\t\t<\/div>\n\t\t\t\t<\/div>\n\t\t\t\t<\/div>\n\t\t\t\t<\/div>\n\t\t\t\t<\/div>\n\t\t","protected":false},"excerpt":{"rendered":"<p>Detalhes de cobran\u00e7a Nome&nbsp;* Sobrenome&nbsp;* Tipo de Pessoa&nbsp;(opcional)Pessoa F\u00edsicaPessoa Jur\u00eddica CPF&nbsp;(opcional) Empresa&nbsp;(opcional) CNPJ&nbsp;(opcional) Telefone&nbsp;* Email Address&nbsp;* Observa\u00e7\u00f5es do pedido&nbsp;(opcional) Seu Pedido Produto Subtotal Ultra Bot \u2013 Disparo em Massa no WhatsApp para Windows 10 e 11&nbsp; &times;&nbsp;1 &#82;&#36;&nbsp;89,90 Subtotal &#82;&#36;&nbsp;89,90 Total &#82;&#36;&nbsp;89,90 Tem um cupom? Insira ele aqui Se voc\u00ea tiver um c\u00f3digo de cupom, [&hellip;]<\/p>\n","protected":false},"author":62,"featured_media":0,"parent":0,"menu_order":0,"comment_status":"closed","ping_status":"open","template":"elementor_canvas","meta":{"_acf_changed":false,"footnotes":""},"class_list":["post-11","page","type-page","status-publish","hentry"],"acf":[],"_links":{"self":[{"href":"https:\/\/devjean.com.br\/loja\/wp-json\/wp\/v2\/pages\/11","targetHints":{"allow":["GET"]}}],"collection":[{"href":"https:\/\/devjean.com.br\/loja\/wp-json\/wp\/v2\/pages"}],"about":[{"href":"https:\/\/devjean.com.br\/loja\/wp-json\/wp\/v2\/types\/page"}],"author":[{"embeddable":true,"href":"https:\/\/devjean.com.br\/loja\/wp-json\/wp\/v2\/users\/62"}],"replies":[{"embeddable":true,"href":"https:\/\/devjean.com.br\/loja\/wp-json\/wp\/v2\/comments?post=11"}],"version-history":[{"count":0,"href":"https:\/\/devjean.com.br\/loja\/wp-json\/wp\/v2\/pages\/11\/revisions"}],"wp:attachment":[{"href":"https:\/\/devjean.com.br\/loja\/wp-json\/wp\/v2\/media?parent=11"}],"curies":[{"name":"wp","href":"https:\/\/api.w.org\/{rel}","templated":true}]}}