{"id":183,"date":"2024-08-04T22:58:56","date_gmt":"2024-08-05T01:58:56","guid":{"rendered":"https:\/\/devjean.com.br\/loja\/?post_type=product&#038;p=183"},"modified":"2025-07-09T17:34:51","modified_gmt":"2025-07-09T20:34:51","slug":"software-wadefender","status":"publish","type":"product","link":"https:\/\/devjean.com.br\/loja\/produto\/software-wadefender\/","title":{"rendered":"Software WaDefender 4.0.0"},"content":{"rendered":"<h2>WaDefender \u2013 Ferramenta para verificar a for\u00e7a da conta do WhatsApp antes de enviar mensagens em massa.<\/h2>\n<p>WaDefender \u00e9 um software para PC com Windows que ajuda a evitar o banimento da conta no WhatsApp ao enviar mensagens em massa. O WhatsApp imp\u00f5e limites baseados em diversos par\u00e2metros, como a idade da conta. Nosso software avalia esses par\u00e2metros, como a antiguidade da conta, permitindo que voc\u00ea saiba a for\u00e7a dela. Quanto mais forte a conta, mais mensagens voc\u00ea pode enviar. N\u00e3o h\u00e1 limites fixos, mas o software fornece sugest\u00f5es para melhorar a for\u00e7a da conta, caso necess\u00e1rio.<\/p>\n<h2>Descubra como aumentar o Score do seu whatsapp e de Adeus ao banimento<\/h2>\n<p>WaDefender \u00e9 um software para PC com Windows que ajuda a evitar o banimento da conta no WhatsApp ao enviar mensagens em massa. O WhatsApp imp\u00f5e limites baseados em diversos par\u00e2metros, como a idade da conta. Nosso software avalia esses par\u00e2metros, como a antiguidade da conta, permitindo que voc\u00ea saiba a for\u00e7a dela. Quanto mais forte a conta, mais mensagens voc\u00ea pode enviar. N\u00e3o h\u00e1 limites fixos, mas o software fornece sugest\u00f5es para melhorar a for\u00e7a da conta, caso necess\u00e1rio.<\/p>\n<ul>\n<li><img fetchpriority=\"high\" decoding=\"async\" class=\"size-medium wp-image-1060 alignright\" src=\"https:\/\/devjean.com.br\/loja\/wp-content\/uploads\/2024\/08\/WaDefender-300x300.png\" alt=\"\" width=\"300\" height=\"300\" \/>Arquivos execut\u00e1veis<\/li>\n<li>Verifique a solidez da conta de suas contas ilimitadas do WhatsApp<\/li>\n<li>Atualiza\u00e7\u00f5es gratuitas<\/li>\n<li>Relat\u00f3rio<\/li>\n<li>V\u00eddeo aula com instru\u00e7\u00f5es<\/li>\n<\/ul>\n<h2><span style=\"color: #ff0000;\"><strong>Oque voc\u00ea est\u00e1 comprando?<\/strong><\/span><\/h2>\n<h2><span style=\"color: #ff0000;\"><strong>Licen\u00e7a anual para o Software WaDefender.<\/strong><\/span><\/h2>\n<h2><\/h2>\n<h2><\/h2>\n","protected":false},"excerpt":{"rendered":"<p>WaDefender \u2013 Ferramenta para verificar a for\u00e7a da conta do WhatsApp antes de enviar mensagens em massa.<\/p>\n","protected":false},"featured_media":187,"comment_status":"open","ping_status":"closed","template":"","meta":{"_acf_changed":false},"product_brand":[],"product_cat":[24,25],"product_tag":[27,30,31,29],"class_list":{"0":"post-183","1":"product","2":"type-product","3":"status-publish","4":"has-post-thumbnail","6":"product_cat-software","7":"product_cat-software-para-whatsapp","8":"product_tag-software","9":"product_tag-verificador-de-chip","10":"product_tag-wadefender","11":"product_tag-whatsapp","13":"first","14":"outofstock","15":"sale","16":"downloadable","17":"taxable","18":"shipping-taxable","19":"purchasable","20":"product-type-simple"},"acf":[],"_links":{"self":[{"href":"https:\/\/devjean.com.br\/loja\/wp-json\/wp\/v2\/product\/183","targetHints":{"allow":["GET"]}}],"collection":[{"href":"https:\/\/devjean.com.br\/loja\/wp-json\/wp\/v2\/product"}],"about":[{"href":"https:\/\/devjean.com.br\/loja\/wp-json\/wp\/v2\/types\/product"}],"replies":[{"embeddable":true,"href":"https:\/\/devjean.com.br\/loja\/wp-json\/wp\/v2\/comments?post=183"}],"version-history":[{"count":0,"href":"https:\/\/devjean.com.br\/loja\/wp-json\/wp\/v2\/product\/183\/revisions"}],"wp:featuredmedia":[{"embeddable":true,"href":"https:\/\/devjean.com.br\/loja\/wp-json\/wp\/v2\/media\/187"}],"wp:attachment":[{"href":"https:\/\/devjean.com.br\/loja\/wp-json\/wp\/v2\/media?parent=183"}],"wp:term":[{"taxonomy":"product_brand","embeddable":true,"href":"https:\/\/devjean.com.br\/loja\/wp-json\/wp\/v2\/product_brand?post=183"},{"taxonomy":"product_cat","embeddable":true,"href":"https:\/\/devjean.com.br\/loja\/wp-json\/wp\/v2\/product_cat?post=183"},{"taxonomy":"product_tag","embeddable":true,"href":"https:\/\/devjean.com.br\/loja\/wp-json\/wp\/v2\/product_tag?post=183"}],"curies":[{"name":"wp","href":"https:\/\/api.w.org\/{rel}","templated":true}]}}