{"id":184,"date":"2024-08-04T22:58:56","date_gmt":"2024-08-05T01:58:56","guid":{"rendered":"https:\/\/devjean.com.br\/loja\/?post_type=product&#038;p=184"},"modified":"2025-07-09T17:34:39","modified_gmt":"2025-07-09T20:34:39","slug":"software-wasender","status":"publish","type":"product","link":"https:\/\/devjean.com.br\/loja\/produto\/software-wasender\/","title":{"rendered":"Software WaSender 3.7.0"},"content":{"rendered":"<h2>WaSender \u2013 \u00c9 um software do Windows que roda no PC, uma solu\u00e7\u00e3o para enviar mensagens automaticamente para seus clientes e grupos em massa.<\/h2>\n<h4><span style=\"color: #ff0000;\">N\u00e3o envia Bot\u00f5es<\/span><\/h4>\n<p>Remetente para WhatsApp em massa + Remetente do grupo + Bot de resposta autom\u00e1tica do WhatsApp.<\/p>\n<p>Aprimore sua estrat\u00e9gia de vendas com o WaSender e aproveite todos os benef\u00edcios sem custos adicionais. Aumente seus lucros ao m\u00e1ximo, mantendo-se livre de restri\u00e7\u00f5es.<\/p>\n<p>&nbsp;<\/p>\n<ul>\n<li>Envio de mensagens massiva<\/li>\n<li>Envio de \u00e1udios gravados na hora (.OGG)<\/li>\n<li>Importa\u00e7\u00e3o manual, TXT ou Excel<\/li>\n<li>Suporta envio de texto, m\u00eddias, arquivos, \u00e1udios<\/li>\n<li>Filtragem de n\u00fameros massiva<\/li>\n<li>\u00a0Envio para grupos de WhatsApp<\/li>\n<li>\u00a0Extra\u00e7\u00e3o de grupos<\/li>\n<li>Extra\u00e7\u00e3o de membros de grupos<\/li>\n<li>Adicionar membros em grupos<\/li>\n<li>Delay entre as mensagens do chatbot<\/li>\n<li>Chatbot inteligente<\/li>\n<li>Extrator de n\u00fameros das conversas<\/li>\n<li>Extrator de contatos do Google Maps<\/li>\n<li>Entrar em grupos automaticamente<\/li>\n<li>\u00a0Relat\u00f3rios de envios<\/li>\n<li>Envios de Enquetes<\/li>\n<li>Extrator de contatos de comunidades (NOVO)<\/li>\n<li>Agendador de mensagens (NOVO)<\/li>\n<li>\u00a0Aquecedor de Chip &#8211; Maturado<\/li>\n<li><del>Novidade: Adicionada a fun\u00e7\u00e3o de bot\u00f5es para chamada de a\u00e7\u00e3o. <strong>*VERS\u00c3O BETA.<\/strong><\/del><\/li>\n<\/ul>\n<h3><span style=\"color: #ff0000;\"><strong>Oque voc\u00ea est\u00e1 comprando?<\/strong><\/span><\/h3>\n<h3><span style=\"color: #ff0000;\"><strong>Licen\u00e7a anual para o Software WaSender.<\/strong><\/span><\/h3>\n<h3>Log de altera\u00e7\u00f5es &#8211; 3.7.0 (29 de abril de 2025)<\/h3>\n<p>&#8212;&#8212;&#8212;&#8212;&#8212;&#8212;&#8212;&#8212;&#8212;&#8212;&#8212;&#8212;&#8212;&#8212;&#8212;&#8212;&#8212;&#8212;<br \/>\n* Google Map Extractor &#8211; NOVA IU N\u00e3o funciona &#8211; Problema resolvido<br \/>\n* Extrator de dados de m\u00eddia social &#8211; n\u00e3o coleta os dados &#8211; Problema resolvido<br \/>\n* Problemas de velocidade de envio de mensagens &#8211; Problema resolvido<br \/>\n* O arquivo de \u00e1udio com formato .ogg n\u00e3o estava sendo enviado como \u00e1udio gravado &#8211; Problema resolvido<br \/>\n* Corre\u00e7\u00f5es de idioma russo e portugu\u00eas<br \/>\n* As configura\u00e7\u00f5es de proxy n\u00e3o s\u00e3o aplicadas durante o envio de mensagens e mensagens de alerta do WhatsApp &#8211; Problema resolvido<br \/>\n* Extrator de dados de m\u00eddia social &#8211; Adicionadas as op\u00e7\u00f5es &#8220;Youtube&#8221; e &#8220;(Pesquisa padr\u00e3o do Google)&#8221;.<\/p>\n<h3><strong>Registro de altera\u00e7\u00f5es &#8211; 3.6.0 (29 de janeiro de 2025)<\/strong><br \/>\n&#8212;&#8212;&#8212;&#8212;&#8212;&#8212;&#8212;&#8212;&#8212;&#8212;&#8212;&#8212;&#8212;&#8212;&#8212;&#8212;&#8212;&#8212;<br \/>\nObsoleto-<br \/>\n* Os bot\u00f5es pararam de funcionar &#8211; os bot\u00f5es foram removidos!<\/h3>\n<p>Adicionado-<br \/>\n* Adicionado um novo recurso &#8216;WhatsApp Group Warmer&#8217; \u2013 duas ou mais de suas contas agora podem conversar entre si em um grupo comum [assista &#8211; https:\/\/youtu.be\/lf7HUqHe8Ds]<\/p>\n<p>* Adicionado um novo recurso &#8216;Bulk Group Links Verify&#8217; \u2013 verifique se os links de grupo em massa s\u00e3o v\u00e1lidos ou expirados. Se v\u00e1lidos, voc\u00ea pode recuperar informa\u00e7\u00f5es adicionais, como t\u00edtulo, descri\u00e7\u00e3o, contagem de membros, etc. [assista &#8211; https:\/\/youtu.be\/EfLauFiSyu0]<\/p>\n<p>* Proxy Habilitado \u2013 Agora voc\u00ea pode configurar um IP de proxy separado para cada conta. Uma op\u00e7\u00e3o &#8216;Configura\u00e7\u00f5es&#8217; foi adicionada na se\u00e7\u00e3o &#8216;Contas&#8217; [Assistir &#8211; https:\/\/youtu.be\/UPv4iQ_EPTw]<\/p>\n<p>* Remetente de Contato e Remetente de Grupo \u2013 Adicionados mais tipos de anexos. Agora voc\u00ea pode enviar localiza\u00e7\u00e3o, contatos, arquivos .mp3 como grava\u00e7\u00f5es de \u00e1udio, imagens como adesivos e notas de v\u00eddeo (v\u00eddeos de bolha) &#8211; [Assistir &#8211; https:\/\/youtu.be\/pVvdBbMEQKk]<\/p>\n<p>* O WaSender agora est\u00e1 dispon\u00edvel no idioma &#8220;Azerbaijano&#8221;<\/p>\n<p>* O CHromrdriver foi atualizado com 132 &#8211; se voc\u00ea estiver usando o Chrome, certifique-se de que sua vers\u00e3o do Chrome seja 132<\/p>\n<p>Corre\u00e7\u00f5es-<br \/>\n* Executar campanha &#8211; O software n\u00e3o responde ap\u00f3s o clique do bot\u00e3o PAUSE &#8211; Problema resolvido<br \/>\n* Executar campanha &#8211; Envio de mensagens de v\u00e1rios perfis &#8211; Se alguma conta fosse banida durante o envio de mensagens, a campanha inteira ficava bloqueada &#8211; Problema resolvido<br \/>\n* Continue inicializando somente ap\u00f3s carregar o WhatsApp da web no navegador Chrome &#8211; problema resolvido<br \/>\n* Exportar membros do grupo n\u00e3o funciona &#8211; problema resolvido<br \/>\n* Lista de grupos de exporta\u00e7\u00e3o n\u00e3o est\u00e1 funcionando &#8211; problema resolvido<br \/>\n* Obter resultados da enquete mostrando problemas &#8211; resolvidos<\/p>\n<p>Pendente-<br \/>\n* O envio de mensagens para membros da comunidade (UIDs) n\u00e3o est\u00e1 funcionando; esta fun\u00e7\u00e3o parou de funcionar. A corre\u00e7\u00e3o pode levar algum tempo, ent\u00e3o ainda n\u00e3o resolvi o problema. Vou trabalhar nisso com dedica\u00e7\u00e3o e fornecer a solu\u00e7\u00e3o por meio de &#8216;atualiza\u00e7\u00f5es internas&#8217;. Junte-se ao nosso canal do WhatsApp para atualiza\u00e7\u00f5es assim que o problema for corrigido.: [https:\/\/whatsapp.com\/channel\/0029Va81vTc8F2pMLSIiM21s]<\/p>\n<p>Melhorias-<br \/>\n* Melhorias na ferramenta &#8216;Obter links de grupo da web&#8217; &#8211; Depend\u00eancia do Chrome removida &#8211; agora funcionar\u00e1 com o pr\u00f3prio navegador interno<br \/>\n* IMPORTANTE &#8211; Melhorias na seguran\u00e7a interna do software &#8211; Recomendado que todos os usu\u00e1rios usem o KeyGen mais recente e a c\u00f3pia mais recente de &#8216;AndroidVersion.apk&#8217;<br \/>\n* Agrupamento de ferramentas \u2013 Temos muitas ferramentas, e mais podem ser adicionadas no futuro. \u00c9 melhor categoriz\u00e1-las com base em seu comportamento<\/p>\n<p>* Google Map Data Extractor &#8211; agora suporta a nova interface do usu\u00e1rio do Google Maps. Ser\u00e1 10 vezes mais r\u00e1pido que o anterior. Por padr\u00e3o, o GM Extractor extrair\u00e1 dados da interface do usu\u00e1rio mais recente.<br \/>\ntem alguns pr\u00f3s e contras<br \/>\nPr\u00f3s:<br \/>\n1) Extra\u00e7\u00e3o de dados mais r\u00e1pida<br \/>\n2) Funciona no navegador integrado, n\u00e3o h\u00e1 mais necessidade de atualizar o chromedriver<br \/>\nContras &#8211;<br \/>\n1) Este m\u00e9todo n\u00e3o consegue obter dados de perfil do Instagram, perfil do Facebook, perfil do LinkedIn e perfil do Twitter<br \/>\n2) As imagens n\u00e3o poder\u00e3o ser baixadas com este m\u00e9todo<br \/>\nVoc\u00ea pode voltar ao anterior nas Configura\u00e7\u00f5es gerais, alterar &#8216;Google Map UI&#8217; para &#8216;Old Classic&#8217; e SALVAR<\/p>\n","protected":false},"excerpt":{"rendered":"<p>WaSender \u2013 \u00c9 um software do Windows que roda no PC, uma solu\u00e7\u00e3o para enviar mensagens automaticamente para seus clientes e grupos em massa.<\/p>\n<p>Remetente para WhatsApp em massa + Remetente do grupo + Bot de resposta autom\u00e1tica do WhatsApp.<\/p>\n<p>Aprimore sua estrat\u00e9gia de vendas com o WaSender e aproveite todos os benef\u00edcios sem custos adicionais. Aumente seus lucros ao m\u00e1ximo, mantendo-se livre de restri\u00e7\u00f5es.<\/p>\n","protected":false},"featured_media":1016,"comment_status":"open","ping_status":"closed","template":"","meta":{"_acf_changed":false},"product_brand":[],"product_cat":[24,25],"product_tag":[32,27,33,29],"class_list":{"0":"post-184","1":"product","2":"type-product","3":"status-publish","4":"has-post-thumbnail","6":"product_cat-software","7":"product_cat-software-para-whatsapp","8":"product_tag-disparador-em-massa","9":"product_tag-software","10":"product_tag-wasender","11":"product_tag-whatsapp","13":"first","14":"outofstock","15":"sale","16":"downloadable","17":"taxable","18":"shipping-taxable","19":"purchasable","20":"product-type-simple"},"acf":[],"_links":{"self":[{"href":"https:\/\/devjean.com.br\/loja\/wp-json\/wp\/v2\/product\/184","targetHints":{"allow":["GET"]}}],"collection":[{"href":"https:\/\/devjean.com.br\/loja\/wp-json\/wp\/v2\/product"}],"about":[{"href":"https:\/\/devjean.com.br\/loja\/wp-json\/wp\/v2\/types\/product"}],"replies":[{"embeddable":true,"href":"https:\/\/devjean.com.br\/loja\/wp-json\/wp\/v2\/comments?post=184"}],"version-history":[{"count":0,"href":"https:\/\/devjean.com.br\/loja\/wp-json\/wp\/v2\/product\/184\/revisions"}],"wp:featuredmedia":[{"embeddable":true,"href":"https:\/\/devjean.com.br\/loja\/wp-json\/wp\/v2\/media\/1016"}],"wp:attachment":[{"href":"https:\/\/devjean.com.br\/loja\/wp-json\/wp\/v2\/media?parent=184"}],"wp:term":[{"taxonomy":"product_brand","embeddable":true,"href":"https:\/\/devjean.com.br\/loja\/wp-json\/wp\/v2\/product_brand?post=184"},{"taxonomy":"product_cat","embeddable":true,"href":"https:\/\/devjean.com.br\/loja\/wp-json\/wp\/v2\/product_cat?post=184"},{"taxonomy":"product_tag","embeddable":true,"href":"https:\/\/devjean.com.br\/loja\/wp-json\/wp\/v2\/product_tag?post=184"}],"curies":[{"name":"wp","href":"https:\/\/api.w.org\/{rel}","templated":true}]}}